{"id":43,"date":"2012-06-10T10:32:36","date_gmt":"2012-06-10T10:32:36","guid":{"rendered":"http:\/\/www.casaandaluciacoruna.com\/andalucia\/?page_id=43"},"modified":"2016-05-10T11:01:56","modified_gmt":"2016-05-10T11:01:56","slug":"historia","status":"publish","type":"page","link":"http:\/\/www.casaandaluciacoruna.com\/andalucia\/?page_id=43","title":{"rendered":"Historia"},"content":{"rendered":"<p>\u00bfC\u00d3MO NACE LA CASA DE ANDALUC\u00cdA DE LA CORU\u00d1A?<\/p>\n<p>Desde 1985 un grupo de andaluces se re\u00fanen para celebrar el<br \/>\nd\u00eda de Andaluc\u00eda cada 28 de febrero. Ese a\u00f1o el grupo de andaluces<br \/>\nfue de 25 y en 1988 ya \u00e9ramos m\u00e1s de 100.<\/p>\n<p>Este n\u00facleo de personas se nutr\u00eda principalmente de dos<br \/>\ncentros de trabajo: El Corte Ingl\u00e9s y la Refiner\u00eda, y aqu\u00ed nace el<br \/>\nembri\u00f3n, la idea y una Junta Gestora que presidi\u00f3 JOAQU\u00cdN KAISER<br \/>\nGARC\u00cdA, un jiennense que trabajaba en El Corte Ingl\u00e9s.<\/p>\n<p>Los comienzos, como la mayor\u00eda de las veces, fueron dif\u00edciles.<br \/>\nNo se dispon\u00eda de fondos y no hab\u00eda posibilidad de alquilar un local<br \/>\nsocial para que se reuniera la Junta Gestora, as\u00ed que us\u00e1bamos el<br \/>\nestudio del pintor y socio fundador de la Casa Jos\u00e9 M\u00aa de Urda que<br \/>\nest\u00e1 situado en la Plaza Porticada, zona de Rey Abdullah.<\/p>\n<p>En el mes marzo de 1989, y tras muchas sesiones<br \/>\npreparatorias de los Estatutos se celebra la primera asamblea<br \/>\nde \u201csimpatizantes\u201d que compart\u00edan la ilusi\u00f3n de fundar esta sociedad<br \/>\nandaluza que nos permitiera llevar a cabo las actividades culturales,<br \/>\nfestivas, gastron\u00f3micas y de hermanamiento entre los andaluces<br \/>\nresidentes en La Coru\u00f1a, compartiendo l\u00f3gicamente con otros<br \/>\ngallegos a los que les gustase nuestra cultura y costumbres.<\/p>\n<p>Esta reuni\u00f3n se produce en el hotel Finisterre, y de ah\u00ed sale<br \/>\nelegida la primera Junta Directiva con la siguiente composici\u00f3n:<br \/>\nPRESIDENTE:<br \/>\nD. JUAN MAN. VINUESA GONZ\u00c1LEZ<br \/>\nVICEPRESIDENTA: D\u00aa. AURORA VELASCO CONTRERAS<br \/>\nSECRETARIO:<br \/>\nD. INOCENCIO LORITE L\u00d3PEZ<br \/>\nVICESECRETARIA: D\u00aa. CONCHA CAMINO MACUL\u00c9<br \/>\nTESORERO:<br \/>\nD. MIGUEL MART\u00cdNEZ DURO<br \/>\nVICETESORERO: D. JES\u00daS LONGUI \u00c1LVAREZ<br \/>\nVOCALES: D\u00aa TERESA RUIZ \u00c1LVAREZ<br \/>\nD\u00aa CONCHITA VAZ LORENZO<br \/>\nD. JOS\u00c9 CANELA DEL OLMO<br \/>\nD. JOS\u00c9 MARIA ZAMORA SANTOS<\/p>\n<p>Este mes de mayo de 1989 se inscribe la sociedad \u201cCASA DE<br \/>\nANDALUCIA DE LA CORU\u00d1A\u201d en el registro civil con el n\u00fam. 170.<\/p>\n<p>A finales de 1989 se inaugura un peque\u00f1o local como despacho<br \/>\nen la Calle San Andr\u00e9s, cerca de la Plaza de Pontevedra, en donde ya<br \/>\nse va recibiendo y archivando las inscripciones de socios de la Casa.<\/p>\n<p>El d\u00eda 28 de febrero de 1990 se inaugura un nuevo local, en<br \/>\nla Calle Casti\u00f1eiras, ahora m\u00e1s amplio, en donde ya los socios de la<br \/>\nCasa pueden tomar una ca\u00f1a o un vino en compa\u00f1\u00eda de otros socios.<br \/>\nEn 1991 se celebra la \u201c 1\u00aa feria del caballo\u201d, con la colaboraci\u00f3n<br \/>\ndel club de equitaci\u00f3n de Cecebre EQUICLUB.<\/p>\n<p>Cada a\u00f1o con la colaboraci\u00f3n del Casino de La Coru\u00f1a,<br \/>\ncelebramos la Ferial de Abril.<\/p>\n<p>Tambi\u00e9n este a\u00f1o 1991, la nueva directiva presidida por D.<br \/>\nRAFAEL RODRIGUEZ , deciden el traslado de la Casa de Andaluc\u00eda<br \/>\na la Ronda de Outeiro 298, un local en el que hubo que trabajar<br \/>\nduramente para hacerlo confortable, aunque su entorno no lo<br \/>\npudimos mejorar.<\/p>\n<p>Desde sus comienzos, se imparten clases de sevillanas<br \/>\nimpartidas por la pareja Manoli y Jos\u00e9 Mar\u00eda Zamora, se empieza a<br \/>\ngestar el Coro, se colabora con el Ayuntamiento para arrancar de<br \/>\nnuevo las corridas de toros en el Coliseum, con pregones taurinos y<br \/>\ncharlas tras las corridas.<\/p>\n<p>En 1993 se organiza con \u00e9xito un viaje para los socios a la Feria<br \/>\nde Abril de Sevilla.<\/p>\n<p>Sucesivas directivas presididas por D. RAFAEL GRANADOS, D.<br \/>\nFEDERICO RODR\u00cdGUEZ TORDESILLLA, D. JUAN ROMERO AROCA y un<br \/>\nnuevo mandato de D. RAFAEL GRANADOS, que es quien se encarga<br \/>\nde un nuevo, y por ahora \u00faltimo, traslado a nuestra sede actual en<br \/>\nla Calle Joaqu\u00edn Planelles Riera 64. Todos ellos han contribuido con<br \/>\nsus labor a que nuestra Sociedad fuera alcanzando el prestigio y el<br \/>\nreconocimiento que en estos momentos tiene.<\/p>\n<p>La anterior directiva presidida por D. ANTONIO D\u00cdAZ<br \/>\nFERN\u00c1NDEZ, sigui\u00f3 por la misma senda tratando de mantener y<br \/>\nelevar ese prestigio antes mencionado aumentando el n\u00famero de<br \/>\nactividades que ayudan a dar un mayor conocimiento de nuestra<br \/>\ncultura andaluza a trav\u00e9s de las clases de CORO, GUITARRA,<br \/>\nFLAMENCO, CASTA\u00d1UELAS, BAILES DE SAL\u00d3N y las concurridas<br \/>\nclases de SEVILLANAS, con grupos de todas las edades que nos<br \/>\nhacen presumir de unos excelentes GRUPOS DE BAILE.<\/p>\n<p>Ya hemos celebrado la 6\u00aa Feria de Abril, con buen \u00e9xito de<br \/>\np\u00fablico a pesar de las dificultades econ\u00f3micas y el escaso apoyo<br \/>\ninstitucional.<br \/>\nTambi\u00e9n colaboramos con una concurrida caseta en el<br \/>\nCertamen de Casas Regionales que se celebra en las fiestas locales<br \/>\nde agosto.<\/p>\n<p>Y podr\u00edamos hablar de nuestra gastronom\u00eda, ya que en el Bar<br \/>\nRestaurante de nuestra Casa se pueden degustar los platos m\u00e1s<br \/>\nt\u00edpicos de nuestra tierra.<\/p>\n<p>&nbsp;<\/p>\n<p>Tras Asamblea general extraordinaria celebrada el pasado d\u00eda 9 de abril de 2016, fue elegida nueva junta directiva presidida por DO\u00d1A ENCARNACI\u00d3N DEL REAL GUERRERO, que tiene la intenci\u00f3n de mantener tanto las actividades dentro y fuera de la Casa De Andaluc\u00eda, como el prestigio alcanzado por sus antecesores.<\/p>\n<p>Prueba de esto, lo es el gran \u00e9xito de afluencia que ha tenido la celebraci\u00f3n, en estos d\u00edas, de la XII Feria de Abril de la ciudad de A Coru\u00f1a en los jardines de M\u00e9ndez N\u00fa\u00f1ez, a la que han acudido un gran n\u00famero de Socios, Amigos, Autoridades y Representantes de la sociedad coru\u00f1esa.<\/p>\n<p>&nbsp;<\/p>\n<p>Por todos ellos y los que vengan, seguiremos haciendo Historia en la Ciudad de A Coru\u00f1a.<\/p>\n<p>&nbsp;<\/p>\n","protected":false},"excerpt":{"rendered":"<p>\u00bfC\u00d3MO NACE LA CASA DE ANDALUC\u00cdA DE LA CORU\u00d1A? Desde 1985 un grupo de andaluces se re\u00fanen para celebrar el d\u00eda de Andaluc\u00eda cada 28 de febrero. Ese a\u00f1o el grupo de andaluces fue de 25 y en 1988 ya \u00e9ramos m\u00e1s de 100. Este n\u00facleo de personas se nutr\u00eda principalmente de dos centros de<a href=\"http:\/\/www.casaandaluciacoruna.com\/andalucia\/?page_id=43\"> [Read the full story &#8230;]<\/a><\/p>\n","protected":false},"author":1,"featured_media":0,"parent":0,"menu_order":1,"comment_status":"closed","ping_status":"open","template":"","meta":{"footnotes":""},"class_list":["post-43","page","type-page","status-publish","hentry"],"_links":{"self":[{"href":"http:\/\/www.casaandaluciacoruna.com\/andalucia\/index.php?rest_route=\/wp\/v2\/pages\/43","targetHints":{"allow":["GET"]}}],"collection":[{"href":"http:\/\/www.casaandaluciacoruna.com\/andalucia\/index.php?rest_route=\/wp\/v2\/pages"}],"about":[{"href":"http:\/\/www.casaandaluciacoruna.com\/andalucia\/index.php?rest_route=\/wp\/v2\/types\/page"}],"author":[{"embeddable":true,"href":"http:\/\/www.casaandaluciacoruna.com\/andalucia\/index.php?rest_route=\/wp\/v2\/users\/1"}],"replies":[{"embeddable":true,"href":"http:\/\/www.casaandaluciacoruna.com\/andalucia\/index.php?rest_route=%2Fwp%2Fv2%2Fcomments&post=43"}],"version-history":[{"count":7,"href":"http:\/\/www.casaandaluciacoruna.com\/andalucia\/index.php?rest_route=\/wp\/v2\/pages\/43\/revisions"}],"predecessor-version":[{"id":95,"href":"http:\/\/www.casaandaluciacoruna.com\/andalucia\/index.php?rest_route=\/wp\/v2\/pages\/43\/revisions\/95"}],"wp:attachment":[{"href":"http:\/\/www.casaandaluciacoruna.com\/andalucia\/index.php?rest_route=%2Fwp%2Fv2%2Fmedia&parent=43"}],"curies":[{"name":"wp","href":"https:\/\/api.w.org\/{rel}","templated":true}]}}