{"id":45,"date":"2012-06-10T10:37:55","date_gmt":"2012-06-10T10:37:55","guid":{"rendered":"http:\/\/www.casaandaluciacoruna.com\/andalucia\/?page_id=45"},"modified":"2023-08-31T08:36:29","modified_gmt":"2023-08-31T08:36:29","slug":"junta-directiva","status":"publish","type":"page","link":"http:\/\/www.casaandaluciacoruna.com\/andalucia\/?page_id=45","title":{"rendered":"Directiva"},"content":{"rendered":"<p align=\"center\">SALUDA DE LA PRESIDENTA<\/p>\n<p>Como andaluza de nacimiento y coru\u00f1esa de adopci\u00f3n, tengo el honor de presidir esta casa, que es la de todos, andaluces y gallegos, que quieran compartir con nosotros un \u201ctrocito\u201d de nuestra tierra, de sus costumbres, folklore y buen ambiente.<\/p>\n<p>La idea de esta nueva Junta Directiva es mantener lo que ya nuestros antecesores han logrado, que ha sido mucho, y recibir a los amantes de nuestra tierra para que compartan con nosotros todos esos \u201cbuenos ratos\u201d que esta tierra que nos acoge nos da la oportunidad de llevar a cabo.<\/p>\n<p>De todo coraz\u00f3n, os agradezco que visit\u00e9is nuestra p\u00e1gina web, y os invito a que tambi\u00e9n lo hag\u00e1is en nuestra sede social de la Avenida del ferrocarril, 64, donde podr\u00e9is disfrutar de muchas actividades relacionadas con Andaluc\u00eda, y nuestra gastronom\u00eda.<\/p>\n<p align=\"center\">GRACIAS.<\/p>\n<p align=\"center\">Fdo.: Encarna del Real Guerrero<\/p>\n<p style=\"text-align: center;\"><span style=\"color: #333300; font-family: EBGaramondSC, Palatino, 'Palatino Linotype', 'Book Antiqua', Georgia, serif; font-size: 1.62em; font-weight: 600; line-height: normal;\">MIEMBROS DE LA JUNTA DIRECTIVA<\/span><\/p>\n<p align=\"center\">PRESIDENTA: \u00a0Do\u00f1a Encarnaci\u00f3n del Real Guerrero<\/p>\n<p align=\"center\">VICEPRESIDENTA: \u00a0Do\u00f1a Catalina Esquina G\u00f3mez<\/p>\n<p align=\"center\">SECRETARIA: \u00a0Do\u00f1a Margarita Garc\u00eda Sanjurjo<\/p>\n<p align=\"center\">VICESECRETARIA:<\/p>\n<p align=\"center\">TESORERO: \u00a0Don Francisco Budi\u00f1o Mart\u00ednez<\/p>\n<p align=\"center\">VICETESORERO: \u00a0Don Luis Fern\u00e1ndez Gamboa<\/p>\n<p align=\"center\">VOCALES: \u00a0Do\u00f1a<\/p>\n<p align=\"center\">Do\u00f1a Fernanda L\u00f3pez Gato<\/p>\n<p align=\"center\">Don<\/p>\n<p align=\"center\">Do\u00f1a Mar\u00eda del Carmen Rodr\u00edguez V\u00e1zquez<\/p>\n","protected":false},"excerpt":{"rendered":"<p>SALUDA DE LA PRESIDENTA Como andaluza de nacimiento y coru\u00f1esa de adopci\u00f3n, tengo el honor de presidir esta casa, que es la de todos, andaluces y gallegos, que quieran compartir con nosotros un \u201ctrocito\u201d de nuestra tierra, de sus costumbres, folklore y buen ambiente. La idea de esta nueva Junta Directiva es mantener lo que<a href=\"http:\/\/www.casaandaluciacoruna.com\/andalucia\/?page_id=45\"> [Read the full story &#8230;]<\/a><\/p>\n","protected":false},"author":1,"featured_media":0,"parent":0,"menu_order":2,"comment_status":"closed","ping_status":"open","template":"","meta":{"footnotes":""},"class_list":["post-45","page","type-page","status-publish","hentry"],"_links":{"self":[{"href":"http:\/\/www.casaandaluciacoruna.com\/andalucia\/index.php?rest_route=\/wp\/v2\/pages\/45","targetHints":{"allow":["GET"]}}],"collection":[{"href":"http:\/\/www.casaandaluciacoruna.com\/andalucia\/index.php?rest_route=\/wp\/v2\/pages"}],"about":[{"href":"http:\/\/www.casaandaluciacoruna.com\/andalucia\/index.php?rest_route=\/wp\/v2\/types\/page"}],"author":[{"embeddable":true,"href":"http:\/\/www.casaandaluciacoruna.com\/andalucia\/index.php?rest_route=\/wp\/v2\/users\/1"}],"replies":[{"embeddable":true,"href":"http:\/\/www.casaandaluciacoruna.com\/andalucia\/index.php?rest_route=%2Fwp%2Fv2%2Fcomments&post=45"}],"version-history":[{"count":19,"href":"http:\/\/www.casaandaluciacoruna.com\/andalucia\/index.php?rest_route=\/wp\/v2\/pages\/45\/revisions"}],"predecessor-version":[{"id":732,"href":"http:\/\/www.casaandaluciacoruna.com\/andalucia\/index.php?rest_route=\/wp\/v2\/pages\/45\/revisions\/732"}],"wp:attachment":[{"href":"http:\/\/www.casaandaluciacoruna.com\/andalucia\/index.php?rest_route=%2Fwp%2Fv2%2Fmedia&parent=45"}],"curies":[{"name":"wp","href":"https:\/\/api.w.org\/{rel}","templated":true}]}}