{"id":49,"date":"2012-06-10T10:33:10","date_gmt":"2012-06-10T10:33:10","guid":{"rendered":"http:\/\/www.casaandaluciacoruna.com\/andalucia\/?page_id=49"},"modified":"2016-05-12T11:25:51","modified_gmt":"2016-05-12T11:25:51","slug":"grupos-de-baile","status":"publish","type":"page","link":"http:\/\/www.casaandaluciacoruna.com\/andalucia\/?page_id=49","title":{"rendered":"Baile"},"content":{"rendered":"<p align=\"center\"><span style=\"text-decoration: underline;\"><strong>HISTORIA DE NUESTRAS CLASES DE BAILE<\/strong><\/span><\/p>\n<p>&nbsp;<\/p>\n<p>A lo largo de estos m\u00e1s de 25 a\u00f1os de Historia de la Casa de Andaluc\u00eda en La Coru\u00f1a, se han impartido clases de baile, con diferentes profesores. Cada uno de ellos ha aportado algo diferente y muy bueno a nuestras clases y grupos de baile:<\/p>\n<p>&nbsp;<\/p>\n<p><strong>Manoli y Zamora<\/strong>, unos queridos socios sevillanos, comenzaron esta labor desde casi los inicios de esta \u201ccasa\u201d, con sus clases de sevillanas y casta\u00f1uelas, y creando los primeros grupos de baile de la casa de Andaluc\u00eda que tanto gustaban cuando pocos, o ning\u00fan, volante se ve\u00eda en La Coru\u00f1a, hasta que se marcharon a su tierra natal.<\/p>\n<p><strong>Bea<\/strong> lleg\u00f3 para introducir el flamenco en nuestras clases, adem\u00e1s de las sevillanas y casta\u00f1uelas, y ayud\u00f3 a que \u201cnuestras ni\u00f1as\u201d y nuestros bailes se dieran m\u00e1s a conocer, y tuvieran m\u00e1s actuaciones fuera de nuestras fiestas.<\/p>\n<p>Tras ella, llegaron <strong>Paloma y Almudena<\/strong>, que por circunstancias personales, poco pudimos disfrutarlas, ya que tambi\u00e9n volvieron a sus or\u00edgenes, aunque fue poco, siguieron con las estupendas clases de flamenco, sevillanas y casta\u00f1uelas.<\/p>\n<p>Y <strong>Laura<\/strong> lleg\u00f3 para quedarse!!, despu\u00e9s de 10 a\u00f1os seguimos contando con su experiencia, profesionalidad y buen gusto por el baile, con ella lleg\u00f3 el \u201cboom\u201d por el flamenco en La Coru\u00f1a, teniendo cada d\u00eda m\u00e1s alumnos en sus clases, y llevando al grupo de baile \u201csoniquete\u201d a niveles de escuelas de danza.<\/p>\n<p>&nbsp;<\/p>\n<p>Desde hace unos a\u00f1os, tras la demanda de algunos socios, apareci\u00f3 <strong>Juan<\/strong>, el profe de bailes de sal\u00f3n, con el que seguiremos contando por muchos a\u00f1os m\u00e1s, ya que sois muchos los que disfrut\u00e1is con estas clases.<\/p>\n<p>&nbsp;<\/p>\n<p>&nbsp;<\/p>\n<p>Como muestra de todo lo que aprenden nuestros alumnos en las clases de Sevillanas, Flamenco, Casta\u00f1uelas y Bailes de Sal\u00f3n, llevamos a\u00f1os realizando un <strong>\u201cFESTIVAL ANUAL DE FIN DE CURSO\u201d<\/strong>, en el \u00c1gora o en el F\u00f3rum, donde podemos disfrutarlos, y ver lo que aprenden curso a curso.<\/p>\n<p>Adem\u00e1s si quer\u00e9is contar con nuestro grupo de baile de la casa de Andaluc\u00eda \u201csoniquete\u201d para amenizar alg\u00fan evento, no dud\u00e9is en poneros en contacto con nosotros.<\/p>\n<p>&nbsp;<\/p>\n","protected":false},"excerpt":{"rendered":"<p>HISTORIA DE NUESTRAS CLASES DE BAILE &nbsp; A lo largo de estos m\u00e1s de 25 a\u00f1os de Historia de la Casa de Andaluc\u00eda en La Coru\u00f1a, se han impartido clases de baile, con diferentes profesores. Cada uno de ellos ha aportado algo diferente y muy bueno a nuestras clases y grupos de baile: &nbsp; Manoli<a href=\"http:\/\/www.casaandaluciacoruna.com\/andalucia\/?page_id=49\"> [Read the full story &#8230;]<\/a><\/p>\n","protected":false},"author":1,"featured_media":0,"parent":0,"menu_order":4,"comment_status":"closed","ping_status":"open","template":"","meta":{"footnotes":""},"class_list":["post-49","page","type-page","status-publish","hentry"],"_links":{"self":[{"href":"http:\/\/www.casaandaluciacoruna.com\/andalucia\/index.php?rest_route=\/wp\/v2\/pages\/49","targetHints":{"allow":["GET"]}}],"collection":[{"href":"http:\/\/www.casaandaluciacoruna.com\/andalucia\/index.php?rest_route=\/wp\/v2\/pages"}],"about":[{"href":"http:\/\/www.casaandaluciacoruna.com\/andalucia\/index.php?rest_route=\/wp\/v2\/types\/page"}],"author":[{"embeddable":true,"href":"http:\/\/www.casaandaluciacoruna.com\/andalucia\/index.php?rest_route=\/wp\/v2\/users\/1"}],"replies":[{"embeddable":true,"href":"http:\/\/www.casaandaluciacoruna.com\/andalucia\/index.php?rest_route=%2Fwp%2Fv2%2Fcomments&post=49"}],"version-history":[{"count":6,"href":"http:\/\/www.casaandaluciacoruna.com\/andalucia\/index.php?rest_route=\/wp\/v2\/pages\/49\/revisions"}],"predecessor-version":[{"id":552,"href":"http:\/\/www.casaandaluciacoruna.com\/andalucia\/index.php?rest_route=\/wp\/v2\/pages\/49\/revisions\/552"}],"wp:attachment":[{"href":"http:\/\/www.casaandaluciacoruna.com\/andalucia\/index.php?rest_route=%2Fwp%2Fv2%2Fmedia&parent=49"}],"curies":[{"name":"wp","href":"https:\/\/api.w.org\/{rel}","templated":true}]}}