{"id":528,"date":"2016-05-09T11:29:57","date_gmt":"2016-05-09T11:29:57","guid":{"rendered":"http:\/\/www.casaandaluciacoruna.com\/andalucia\/?page_id=528"},"modified":"2016-05-09T11:29:57","modified_gmt":"2016-05-09T11:29:57","slug":"inturjoven","status":"publish","type":"page","link":"http:\/\/www.casaandaluciacoruna.com\/andalucia\/?page_id=528","title":{"rendered":"INTURJOVEN"},"content":{"rendered":"<p>https:\/\/www.inturjoven.com\/<\/p>\n<p>&nbsp;<\/p>\n<p>Web de informaci\u00f3n de albergues, campamentos, actividades de la<\/p>\n<p>Juta de Andaluc\u00eda dirigida a todos nuestros j\u00f3venes, andaluces, o pertenecientes a las comunidades andaluzas, como es nuestro caso.<\/p>\n<p>&nbsp;<\/p>\n<p>En esta web encontrar\u00e1s toda la informaci\u00f3n para beneficiarte de las ventajas de ser socio de nuestra casa, y para m\u00e1s informaci\u00f3n no dudes en ponerte en contacto con nosotros, y te facilitaremos todo lo que tenemos sobre albergues, campamentos&#8230;<\/p>\n<p>&nbsp;<\/p>\n<p>Juventud, os esperamos en Andaluc\u00eda y en \u00abvuestra casa\u00bb!!!<\/p>\n","protected":false},"excerpt":{"rendered":"<p>https:\/\/www.inturjoven.com\/ &nbsp; Web de informaci\u00f3n de albergues, campamentos, actividades de la Juta de Andaluc\u00eda dirigida a todos nuestros j\u00f3venes, andaluces, o pertenecientes a las comunidades andaluzas, como es nuestro caso. &nbsp; En esta web encontrar\u00e1s toda la informaci\u00f3n para beneficiarte de las ventajas de ser socio de nuestra casa, y para m\u00e1s informaci\u00f3n no dudes<a href=\"http:\/\/www.casaandaluciacoruna.com\/andalucia\/?page_id=528\"> [Read the full story &#8230;]<\/a><\/p>\n","protected":false},"author":2,"featured_media":0,"parent":0,"menu_order":0,"comment_status":"open","ping_status":"open","template":"","meta":{"footnotes":""},"class_list":["post-528","page","type-page","status-publish","hentry"],"_links":{"self":[{"href":"http:\/\/www.casaandaluciacoruna.com\/andalucia\/index.php?rest_route=\/wp\/v2\/pages\/528","targetHints":{"allow":["GET"]}}],"collection":[{"href":"http:\/\/www.casaandaluciacoruna.com\/andalucia\/index.php?rest_route=\/wp\/v2\/pages"}],"about":[{"href":"http:\/\/www.casaandaluciacoruna.com\/andalucia\/index.php?rest_route=\/wp\/v2\/types\/page"}],"author":[{"embeddable":true,"href":"http:\/\/www.casaandaluciacoruna.com\/andalucia\/index.php?rest_route=\/wp\/v2\/users\/2"}],"replies":[{"embeddable":true,"href":"http:\/\/www.casaandaluciacoruna.com\/andalucia\/index.php?rest_route=%2Fwp%2Fv2%2Fcomments&post=528"}],"version-history":[{"count":2,"href":"http:\/\/www.casaandaluciacoruna.com\/andalucia\/index.php?rest_route=\/wp\/v2\/pages\/528\/revisions"}],"predecessor-version":[{"id":530,"href":"http:\/\/www.casaandaluciacoruna.com\/andalucia\/index.php?rest_route=\/wp\/v2\/pages\/528\/revisions\/530"}],"wp:attachment":[{"href":"http:\/\/www.casaandaluciacoruna.com\/andalucia\/index.php?rest_route=%2Fwp%2Fv2%2Fmedia&parent=528"}],"curies":[{"name":"wp","href":"https:\/\/api.w.org\/{rel}","templated":true}]}}